{"id":210,"date":"2025-11-25T15:11:54","date_gmt":"2025-11-25T15:11:54","guid":{"rendered":"https:\/\/serruriermarseilledirect.fr\/?page_id=210"},"modified":"2025-11-26T17:45:17","modified_gmt":"2025-11-26T17:45:17","slug":"contact-us","status":"publish","type":"page","link":"https:\/\/serruriermarseilledirect.fr\/?page_id=210","title":{"rendered":"Contactez-nous"},"content":{"rendered":"\t\t<div data-elementor-type=\"wp-page\" data-elementor-id=\"210\" class=\"elementor elementor-210\">\n\t\t\t\t<div class=\"elementor-element elementor-element-6d052474 e-con-full e-flex e-con e-parent\" data-id=\"6d052474\" data-element_type=\"container\">\n\t\t<div class=\"elementor-element elementor-element-453afc61 e-con-full e-flex e-con e-child\" data-id=\"453afc61\" data-element_type=\"container\">\n\t\t\t\t<div class=\"elementor-element elementor-element-5d10f65e elementor-widget elementor-widget-heading\" data-id=\"5d10f65e\" data-element_type=\"widget\" data-widget_type=\"heading.default\">\n\t\t\t\t\t<h1 class=\"elementor-heading-title elementor-size-default\">Contactez-nous<\/h1>\t\t\t\t<\/div>\n\t\t\t\t<div class=\"elementor-element elementor-element-531005e5 elementor-widget-divider--view-line elementor-widget elementor-widget-divider\" data-id=\"531005e5\" data-element_type=\"widget\" data-widget_type=\"divider.default\">\n\t\t\t\t\t\t\t<div class=\"elementor-divider\">\n\t\t\t<span class=\"elementor-divider-separator\">\n\t\t\t\t\t\t<\/span>\n\t\t<\/div>\n\t\t\t\t\t\t<\/div>\n\t\t<div class=\"elementor-element elementor-element-77da0f66 e-con-full e-flex e-con e-child\" data-id=\"77da0f66\" data-element_type=\"container\">\n\t\t\t\t<div class=\"elementor-element elementor-element-3e52a42d elementor-widget elementor-widget-heading\" data-id=\"3e52a42d\" data-element_type=\"widget\" data-widget_type=\"heading.default\">\n\t\t\t\t\t<h2 class=\"elementor-heading-title elementor-size-default\">Horaires d\u2019intervention<\/h2>\t\t\t\t<\/div>\n\t\t\t\t<div class=\"elementor-element elementor-element-3d5aabbe elementor-icon-list--layout-traditional elementor-list-item-link-full_width elementor-widget elementor-widget-icon-list\" data-id=\"3d5aabbe\" data-element_type=\"widget\" data-widget_type=\"icon-list.default\">\n\t\t\t\t\t\t\t<ul class=\"elementor-icon-list-items\">\n\t\t\t\t\t\t\t<li class=\"elementor-icon-list-item\">\n\t\t\t\t\t\t\t\t\t\t<span class=\"elementor-icon-list-text\">Lundi : 08h00 \u2013 23h00<\/span>\n\t\t\t\t\t\t\t\t\t<\/li>\n\t\t\t\t\t\t\t\t<li class=\"elementor-icon-list-item\">\n\t\t\t\t\t\t\t\t\t\t<span class=\"elementor-icon-list-text\">Mardi : 08h00 \u2013 23h00<\/span>\n\t\t\t\t\t\t\t\t\t<\/li>\n\t\t\t\t\t\t\t\t<li class=\"elementor-icon-list-item\">\n\t\t\t\t\t\t\t\t\t\t<span class=\"elementor-icon-list-text\">Mercredi : 08h00 \u2013 23h00<\/span>\n\t\t\t\t\t\t\t\t\t<\/li>\n\t\t\t\t\t\t\t\t<li class=\"elementor-icon-list-item\">\n\t\t\t\t\t\t\t\t\t\t<span class=\"elementor-icon-list-text\">Jeudi : 08h00 \u2013 23h00<\/span>\n\t\t\t\t\t\t\t\t\t<\/li>\n\t\t\t\t\t\t\t\t<li class=\"elementor-icon-list-item\">\n\t\t\t\t\t\t\t\t\t\t<span class=\"elementor-icon-list-text\">Vendredi : 08h00 \u2013 23h00<\/span>\n\t\t\t\t\t\t\t\t\t<\/li>\n\t\t\t\t\t\t\t\t<li class=\"elementor-icon-list-item\">\n\t\t\t\t\t\t\t\t\t\t<span class=\"elementor-icon-list-text\">Samedi : 09h00 \u2013 23h00<\/span>\n\t\t\t\t\t\t\t\t\t<\/li>\n\t\t\t\t\t\t\t\t<li class=\"elementor-icon-list-item\">\n\t\t\t\t\t\t\t\t\t\t<span class=\"elementor-icon-list-text\">Dimanche : 09h00 \u2013 22h00<\/span>\n\t\t\t\t\t\t\t\t\t<\/li>\n\t\t\t\t\t\t<\/ul>\n\t\t\t\t\t\t<\/div>\n\t\t\t\t<\/div>\n\t\t<div class=\"elementor-element elementor-element-71a580ab e-con-full e-flex e-con e-child\" data-id=\"71a580ab\" data-element_type=\"container\">\n\t\t\t\t<div class=\"elementor-element elementor-element-675930e2 elementor-widget elementor-widget-heading\" data-id=\"675930e2\" data-element_type=\"widget\" data-widget_type=\"heading.default\">\n\t\t\t\t\t<h2 class=\"elementor-heading-title elementor-size-default\">Urgences serrures : Disponible 7j\/7<\/h2>\t\t\t\t<\/div>\n\t\t\t\t<div class=\"elementor-element elementor-element-68627f83 elementor-icon-list--layout-traditional elementor-list-item-link-full_width elementor-widget elementor-widget-icon-list\" data-id=\"68627f83\" data-element_type=\"widget\" data-widget_type=\"icon-list.default\">\n\t\t\t\t\t\t\t<ul class=\"elementor-icon-list-items\">\n\t\t\t\t\t\t\t<li class=\"elementor-icon-list-item\">\n\t\t\t\t\t\t\t\t\t\t<span class=\"elementor-icon-list-text\">Une intervention rapide sur toute Marseille.<\/span>\n\t\t\t\t\t\t\t\t\t<\/li>\n\t\t\t\t\t\t<\/ul>\n\t\t\t\t\t\t<\/div>\n\t\t\t\t<\/div>\n\t\t<div class=\"elementor-element elementor-element-5bafbbb e-con-full e-flex e-con e-child\" data-id=\"5bafbbb\" data-element_type=\"container\">\n\t\t\t\t<div class=\"elementor-element elementor-element-5ff19d8b elementor-widget elementor-widget-heading\" data-id=\"5ff19d8b\" data-element_type=\"widget\" data-widget_type=\"heading.default\">\n\t\t\t\t\t<h2 class=\"elementor-heading-title elementor-size-default\">Contact rapide<\/h2>\t\t\t\t<\/div>\n\t\t\t\t<div class=\"elementor-element elementor-element-1265284d elementor-widget elementor-widget-text-editor\" data-id=\"1265284d\" data-element_type=\"widget\" data-widget_type=\"text-editor.default\">\n\t\t\t\t\t\t\t\t\t<p>\ud83d\udcde\u00a0<strong data-start=\"1020\" data-end=\"1038\">07 43 67 03 90<\/strong><br data-start=\"1038\" data-end=\"1041\" \/>\ud83d\udce7 <strong data-start=\"1044\" data-end=\"1082\"><a class=\"decorated-link cursor-pointer\" rel=\"noopener\" data-start=\"1046\" data-end=\"1080\">serruriermarseilledirect@gmail.com<\/a><\/strong><br data-start=\"1082\" data-end=\"1085\" \/>\ud83d\udd52 <strong data-start=\"1088\" data-end=\"1115\">Ouvert 7j\/7 \u2013 08h \u00e0 23h<\/strong><br data-start=\"1115\" data-end=\"1118\" \/>\ud83d\udccd <strong data-start=\"1121\" data-end=\"1146\">Marseille &amp; alentours<\/strong><\/p>\t\t\t\t\t\t\t\t<\/div>\n\t\t\t\t<\/div>\n\t\t\t\t<\/div>\n\t\t<div class=\"elementor-element elementor-element-614a4d66 e-con-full e-flex e-con e-child\" data-id=\"614a4d66\" data-element_type=\"container\" data-settings=\"{&quot;background_background&quot;:&quot;classic&quot;}\">\n\t\t\t\t<\/div>\n\t\t\t\t<\/div>\n\t\t<div class=\"elementor-element elementor-element-2c715678 e-flex e-con-boxed e-con e-parent\" data-id=\"2c715678\" data-element_type=\"container\">\n\t\t\t\t\t<div class=\"e-con-inner\">\n\t\t\t\t<div class=\"elementor-element elementor-element-49e00740 elementor-widget elementor-widget-heading\" data-id=\"49e00740\" data-element_type=\"widget\" data-widget_type=\"heading.default\">\n\t\t\t\t\t<h2 class=\"elementor-heading-title elementor-size-default\">Besoin d\u2019une intervention rapide ?<\/h2>\t\t\t\t<\/div>\n\t\t\t\t<div class=\"elementor-element elementor-element-2ad7f5ee elementor-widget__width-initial elementor-widget elementor-widget-text-editor\" data-id=\"2ad7f5ee\" data-element_type=\"widget\" data-widget_type=\"text-editor.default\">\n\t\t\t\t\t\t\t\t\t<p>Ne perdez pas de temps : contactez-nous d\u00e8s maintenant pour une assistance imm\u00e9diate. Que ce soit pour une ouverture de porte, un changement de serrure ou une s\u00e9curisation, nous intervenons rapidement et avec professionnalisme.<\/p>\t\t\t\t\t\t\t\t<\/div>\n\t\t\t\t<div class=\"elementor-element elementor-element-5184b0a0 elementor-align-center elementor-invisible elementor-widget elementor-widget-button\" data-id=\"5184b0a0\" data-element_type=\"widget\" data-settings=\"{&quot;_animation&quot;:&quot;fadeInDown&quot;}\" data-widget_type=\"button.default\">\n\t\t\t\t\t\t\t\t\t\t<a class=\"elementor-button elementor-button-link elementor-size-sm\" href=\"tel:+33743670390\">\n\t\t\t\t\t\t<span class=\"elementor-button-content-wrapper\">\n\t\t\t\t\t\t\t\t\t<span class=\"elementor-button-text\">Appelez-nous<\/span>\n\t\t\t\t\t<\/span>\n\t\t\t\t\t<\/a>\n\t\t\t\t\t\t\t\t<\/div>\n\t\t\t\t\t<\/div>\n\t\t\t\t<\/div>\n\t\t\t\t<\/div>\n\t\t","protected":false},"excerpt":{"rendered":"<p>Contactez-nous Horaires d\u2019intervention Lundi : 08h00 \u2013 23h00 Mardi : 08h00 \u2013 23h00 Mercredi : 08h00 \u2013 23h00 Jeudi : 08h00 \u2013 23h00 Vendredi : 08h00 \u2013 23h00 Samedi : 09h00 \u2013 23h00 Dimanche : 09h00 \u2013 22h00 Urgences serrures : Disponible 7j\/7 Une intervention rapide sur toute Marseille. Contact rapide \ud83d\udcde\u00a007 43 67 03 [&hellip;]<\/p>\n","protected":false},"author":1,"featured_media":214,"parent":0,"menu_order":0,"comment_status":"closed","ping_status":"closed","template":"elementor_header_footer","meta":{"_uag_custom_page_level_css":"","footnotes":""},"class_list":["post-210","page","type-page","status-publish","has-post-thumbnail","hentry"],"yoast_head":"<!-- This site is optimized with the Yoast SEO plugin v26.4 - https:\/\/yoast.com\/wordpress\/plugins\/seo\/ -->\n<title>Contactez-nous - Serrurier Marseille Direct<\/title>\n<meta name=\"robots\" content=\"index, follow, max-snippet:-1, max-image-preview:large, max-video-preview:-1\" \/>\n<link rel=\"canonical\" href=\"https:\/\/serruriermarseilledirect.fr\/?page_id=210\" \/>\n<meta property=\"og:locale\" content=\"en_US\" \/>\n<meta property=\"og:type\" content=\"article\" \/>\n<meta property=\"og:title\" content=\"Contactez-nous - Serrurier Marseille Direct\" \/>\n<meta property=\"og:description\" content=\"Contactez-nous Horaires d\u2019intervention Lundi : 08h00 \u2013 23h00 Mardi : 08h00 \u2013 23h00 Mercredi : 08h00 \u2013 23h00 Jeudi : 08h00 \u2013 23h00 Vendredi : 08h00 \u2013 23h00 Samedi : 09h00 \u2013 23h00 Dimanche : 09h00 \u2013 22h00 Urgences serrures : Disponible 7j\/7 Une intervention rapide sur toute Marseille. Contact rapide \ud83d\udcde\u00a007 43 67 03 [&hellip;]\" \/>\n<meta property=\"og:url\" content=\"https:\/\/serruriermarseilledirect.fr\/?page_id=210\" \/>\n<meta property=\"og:site_name\" content=\"Serrurier Marseille Direct\" \/>\n<meta property=\"article:modified_time\" content=\"2025-11-26T17:45:17+00:00\" \/>\n<meta property=\"og:image\" content=\"http:\/\/serruriermarseilledirect.fr\/wp-content\/uploads\/2025\/11\/Contact-400_380.jpg\" \/>\n\t<meta property=\"og:image:width\" content=\"400\" \/>\n\t<meta property=\"og:image:height\" content=\"380\" \/>\n\t<meta property=\"og:image:type\" content=\"image\/jpeg\" \/>\n<meta name=\"twitter:card\" content=\"summary_large_image\" \/>\n<meta name=\"twitter:label1\" content=\"Est. reading time\" \/>\n\t<meta name=\"twitter:data1\" content=\"2 minutes\" \/>\n<script type=\"application\/ld+json\" class=\"yoast-schema-graph\">{\"@context\":\"https:\/\/schema.org\",\"@graph\":[{\"@type\":\"WebPage\",\"@id\":\"https:\/\/serruriermarseilledirect.fr\/?page_id=210\",\"url\":\"https:\/\/serruriermarseilledirect.fr\/?page_id=210\",\"name\":\"Contactez-nous - Serrurier Marseille Direct\",\"isPartOf\":{\"@id\":\"https:\/\/serruriermarseilledirect.fr\/#website\"},\"primaryImageOfPage\":{\"@id\":\"https:\/\/serruriermarseilledirect.fr\/?page_id=210#primaryimage\"},\"image\":{\"@id\":\"https:\/\/serruriermarseilledirect.fr\/?page_id=210#primaryimage\"},\"thumbnailUrl\":\"https:\/\/serruriermarseilledirect.fr\/wp-content\/uploads\/2025\/11\/Contact-400_380.jpg\",\"datePublished\":\"2025-11-25T15:11:54+00:00\",\"dateModified\":\"2025-11-26T17:45:17+00:00\",\"breadcrumb\":{\"@id\":\"https:\/\/serruriermarseilledirect.fr\/?page_id=210#breadcrumb\"},\"inLanguage\":\"en-US\",\"potentialAction\":[{\"@type\":\"ReadAction\",\"target\":[\"https:\/\/serruriermarseilledirect.fr\/?page_id=210\"]}]},{\"@type\":\"ImageObject\",\"inLanguage\":\"en-US\",\"@id\":\"https:\/\/serruriermarseilledirect.fr\/?page_id=210#primaryimage\",\"url\":\"https:\/\/serruriermarseilledirect.fr\/wp-content\/uploads\/2025\/11\/Contact-400_380.jpg\",\"contentUrl\":\"https:\/\/serruriermarseilledirect.fr\/wp-content\/uploads\/2025\/11\/Contact-400_380.jpg\",\"width\":400,\"height\":380},{\"@type\":\"BreadcrumbList\",\"@id\":\"https:\/\/serruriermarseilledirect.fr\/?page_id=210#breadcrumb\",\"itemListElement\":[{\"@type\":\"ListItem\",\"position\":1,\"name\":\"Home\",\"item\":\"https:\/\/serruriermarseilledirect.fr\/\"},{\"@type\":\"ListItem\",\"position\":2,\"name\":\"Contactez-nous\"}]},{\"@type\":\"WebSite\",\"@id\":\"https:\/\/serruriermarseilledirect.fr\/#website\",\"url\":\"https:\/\/serruriermarseilledirect.fr\/\",\"name\":\"Serrurier Marseille Direct\",\"description\":\"\",\"publisher\":{\"@id\":\"https:\/\/serruriermarseilledirect.fr\/#organization\"},\"potentialAction\":[{\"@type\":\"SearchAction\",\"target\":{\"@type\":\"EntryPoint\",\"urlTemplate\":\"https:\/\/serruriermarseilledirect.fr\/?s={search_term_string}\"},\"query-input\":{\"@type\":\"PropertyValueSpecification\",\"valueRequired\":true,\"valueName\":\"search_term_string\"}}],\"inLanguage\":\"en-US\"},{\"@type\":\"Organization\",\"@id\":\"https:\/\/serruriermarseilledirect.fr\/#organization\",\"name\":\"Serrurier Marseille Direct\",\"url\":\"https:\/\/serruriermarseilledirect.fr\/\",\"logo\":{\"@type\":\"ImageObject\",\"inLanguage\":\"en-US\",\"@id\":\"https:\/\/serruriermarseilledirect.fr\/#\/schema\/logo\/image\/\",\"url\":\"https:\/\/serruriermarseilledirect.fr\/wp-content\/uploads\/2025\/11\/cropped-Icon-SMD-01.jpg\",\"contentUrl\":\"https:\/\/serruriermarseilledirect.fr\/wp-content\/uploads\/2025\/11\/cropped-Icon-SMD-01.jpg\",\"width\":674,\"height\":600,\"caption\":\"Serrurier Marseille Direct\"},\"image\":{\"@id\":\"https:\/\/serruriermarseilledirect.fr\/#\/schema\/logo\/image\/\"}}]}<\/script>\n<!-- \/ Yoast SEO plugin. -->","yoast_head_json":{"title":"Contactez-nous - Serrurier Marseille Direct","robots":{"index":"index","follow":"follow","max-snippet":"max-snippet:-1","max-image-preview":"max-image-preview:large","max-video-preview":"max-video-preview:-1"},"canonical":"https:\/\/serruriermarseilledirect.fr\/?page_id=210","og_locale":"en_US","og_type":"article","og_title":"Contactez-nous - Serrurier Marseille Direct","og_description":"Contactez-nous Horaires d\u2019intervention Lundi : 08h00 \u2013 23h00 Mardi : 08h00 \u2013 23h00 Mercredi : 08h00 \u2013 23h00 Jeudi : 08h00 \u2013 23h00 Vendredi : 08h00 \u2013 23h00 Samedi : 09h00 \u2013 23h00 Dimanche : 09h00 \u2013 22h00 Urgences serrures : Disponible 7j\/7 Une intervention rapide sur toute Marseille. Contact rapide \ud83d\udcde\u00a007 43 67 03 [&hellip;]","og_url":"https:\/\/serruriermarseilledirect.fr\/?page_id=210","og_site_name":"Serrurier Marseille Direct","article_modified_time":"2025-11-26T17:45:17+00:00","og_image":[{"width":400,"height":380,"url":"http:\/\/serruriermarseilledirect.fr\/wp-content\/uploads\/2025\/11\/Contact-400_380.jpg","type":"image\/jpeg"}],"twitter_card":"summary_large_image","twitter_misc":{"Est. reading time":"2 minutes"},"schema":{"@context":"https:\/\/schema.org","@graph":[{"@type":"WebPage","@id":"https:\/\/serruriermarseilledirect.fr\/?page_id=210","url":"https:\/\/serruriermarseilledirect.fr\/?page_id=210","name":"Contactez-nous - Serrurier Marseille Direct","isPartOf":{"@id":"https:\/\/serruriermarseilledirect.fr\/#website"},"primaryImageOfPage":{"@id":"https:\/\/serruriermarseilledirect.fr\/?page_id=210#primaryimage"},"image":{"@id":"https:\/\/serruriermarseilledirect.fr\/?page_id=210#primaryimage"},"thumbnailUrl":"https:\/\/serruriermarseilledirect.fr\/wp-content\/uploads\/2025\/11\/Contact-400_380.jpg","datePublished":"2025-11-25T15:11:54+00:00","dateModified":"2025-11-26T17:45:17+00:00","breadcrumb":{"@id":"https:\/\/serruriermarseilledirect.fr\/?page_id=210#breadcrumb"},"inLanguage":"en-US","potentialAction":[{"@type":"ReadAction","target":["https:\/\/serruriermarseilledirect.fr\/?page_id=210"]}]},{"@type":"ImageObject","inLanguage":"en-US","@id":"https:\/\/serruriermarseilledirect.fr\/?page_id=210#primaryimage","url":"https:\/\/serruriermarseilledirect.fr\/wp-content\/uploads\/2025\/11\/Contact-400_380.jpg","contentUrl":"https:\/\/serruriermarseilledirect.fr\/wp-content\/uploads\/2025\/11\/Contact-400_380.jpg","width":400,"height":380},{"@type":"BreadcrumbList","@id":"https:\/\/serruriermarseilledirect.fr\/?page_id=210#breadcrumb","itemListElement":[{"@type":"ListItem","position":1,"name":"Home","item":"https:\/\/serruriermarseilledirect.fr\/"},{"@type":"ListItem","position":2,"name":"Contactez-nous"}]},{"@type":"WebSite","@id":"https:\/\/serruriermarseilledirect.fr\/#website","url":"https:\/\/serruriermarseilledirect.fr\/","name":"Serrurier Marseille Direct","description":"","publisher":{"@id":"https:\/\/serruriermarseilledirect.fr\/#organization"},"potentialAction":[{"@type":"SearchAction","target":{"@type":"EntryPoint","urlTemplate":"https:\/\/serruriermarseilledirect.fr\/?s={search_term_string}"},"query-input":{"@type":"PropertyValueSpecification","valueRequired":true,"valueName":"search_term_string"}}],"inLanguage":"en-US"},{"@type":"Organization","@id":"https:\/\/serruriermarseilledirect.fr\/#organization","name":"Serrurier Marseille Direct","url":"https:\/\/serruriermarseilledirect.fr\/","logo":{"@type":"ImageObject","inLanguage":"en-US","@id":"https:\/\/serruriermarseilledirect.fr\/#\/schema\/logo\/image\/","url":"https:\/\/serruriermarseilledirect.fr\/wp-content\/uploads\/2025\/11\/cropped-Icon-SMD-01.jpg","contentUrl":"https:\/\/serruriermarseilledirect.fr\/wp-content\/uploads\/2025\/11\/cropped-Icon-SMD-01.jpg","width":674,"height":600,"caption":"Serrurier Marseille Direct"},"image":{"@id":"https:\/\/serruriermarseilledirect.fr\/#\/schema\/logo\/image\/"}}]}},"uagb_featured_image_src":{"full":["https:\/\/serruriermarseilledirect.fr\/wp-content\/uploads\/2025\/11\/Contact-400_380.jpg",400,380,false],"thumbnail":["https:\/\/serruriermarseilledirect.fr\/wp-content\/uploads\/2025\/11\/Contact-400_380-150x150.jpg",150,150,true],"medium":["https:\/\/serruriermarseilledirect.fr\/wp-content\/uploads\/2025\/11\/Contact-400_380-300x285.jpg",300,285,true],"medium_large":["https:\/\/serruriermarseilledirect.fr\/wp-content\/uploads\/2025\/11\/Contact-400_380.jpg",400,380,false],"large":["https:\/\/serruriermarseilledirect.fr\/wp-content\/uploads\/2025\/11\/Contact-400_380.jpg",400,380,false],"1536x1536":["https:\/\/serruriermarseilledirect.fr\/wp-content\/uploads\/2025\/11\/Contact-400_380.jpg",400,380,false],"2048x2048":["https:\/\/serruriermarseilledirect.fr\/wp-content\/uploads\/2025\/11\/Contact-400_380.jpg",400,380,false]},"uagb_author_info":{"display_name":"admin5816","author_link":"https:\/\/serruriermarseilledirect.fr\/?author=1"},"uagb_comment_info":0,"uagb_excerpt":"Contactez-nous Horaires d\u2019intervention Lundi : 08h00 \u2013 23h00 Mardi : 08h00 \u2013 23h00 Mercredi : 08h00 \u2013 23h00 Jeudi : 08h00 \u2013 23h00 Vendredi : 08h00 \u2013 23h00 Samedi : 09h00 \u2013 23h00 Dimanche : 09h00 \u2013 22h00 Urgences serrures : Disponible 7j\/7 Une intervention rapide sur toute Marseille. Contact rapide \ud83d\udcde\u00a007 43 67 03&hellip;","_links":{"self":[{"href":"https:\/\/serruriermarseilledirect.fr\/index.php?rest_route=\/wp\/v2\/pages\/210","targetHints":{"allow":["GET"]}}],"collection":[{"href":"https:\/\/serruriermarseilledirect.fr\/index.php?rest_route=\/wp\/v2\/pages"}],"about":[{"href":"https:\/\/serruriermarseilledirect.fr\/index.php?rest_route=\/wp\/v2\/types\/page"}],"author":[{"embeddable":true,"href":"https:\/\/serruriermarseilledirect.fr\/index.php?rest_route=\/wp\/v2\/users\/1"}],"replies":[{"embeddable":true,"href":"https:\/\/serruriermarseilledirect.fr\/index.php?rest_route=%2Fwp%2Fv2%2Fcomments&post=210"}],"version-history":[{"count":14,"href":"https:\/\/serruriermarseilledirect.fr\/index.php?rest_route=\/wp\/v2\/pages\/210\/revisions"}],"predecessor-version":[{"id":386,"href":"https:\/\/serruriermarseilledirect.fr\/index.php?rest_route=\/wp\/v2\/pages\/210\/revisions\/386"}],"wp:featuredmedia":[{"embeddable":true,"href":"https:\/\/serruriermarseilledirect.fr\/index.php?rest_route=\/wp\/v2\/media\/214"}],"wp:attachment":[{"href":"https:\/\/serruriermarseilledirect.fr\/index.php?rest_route=%2Fwp%2Fv2%2Fmedia&parent=210"}],"curies":[{"name":"wp","href":"https:\/\/api.w.org\/{rel}","templated":true}]}}