{"id":220,"date":"2025-11-25T15:11:55","date_gmt":"2025-11-25T15:11:55","guid":{"rendered":"https:\/\/serruriermarseilledirect.fr\/?page_id=220"},"modified":"2025-11-26T17:45:32","modified_gmt":"2025-11-26T17:45:32","slug":"services","status":"publish","type":"page","link":"https:\/\/serruriermarseilledirect.fr\/?page_id=220","title":{"rendered":"Services"},"content":{"rendered":"\t\t<div data-elementor-type=\"wp-page\" data-elementor-id=\"220\" class=\"elementor elementor-220\">\n\t\t\t\t<div class=\"elementor-element elementor-element-79337ab3 e-flex e-con-boxed e-con e-parent\" data-id=\"79337ab3\" data-element_type=\"container\">\n\t\t\t\t\t<div class=\"e-con-inner\">\n\t\t\t\t<div class=\"elementor-element elementor-element-194f2976 elementor-widget elementor-widget-heading\" data-id=\"194f2976\" data-element_type=\"widget\" data-widget_type=\"heading.default\">\n\t\t\t\t\t<h1 class=\"elementor-heading-title elementor-size-default\">Services de Serrurerie \u00e0 Marseille<\/h1>\t\t\t\t<\/div>\n\t\t\t\t<div class=\"elementor-element elementor-element-47d860d6 elementor-widget-divider--view-line elementor-widget elementor-widget-divider\" data-id=\"47d860d6\" data-element_type=\"widget\" data-widget_type=\"divider.default\">\n\t\t\t\t\t\t\t<div class=\"elementor-divider\">\n\t\t\t<span class=\"elementor-divider-separator\">\n\t\t\t\t\t\t<\/span>\n\t\t<\/div>\n\t\t\t\t\t\t<\/div>\n\t\t\t\t<div class=\"elementor-element elementor-element-647280b7 elementor-widget__width-initial elementor-widget-tablet__width-initial elementor-widget elementor-widget-heading\" data-id=\"647280b7\" data-element_type=\"widget\" data-widget_type=\"heading.default\">\n\t\t\t\t\t<h5 class=\"elementor-heading-title elementor-size-default\">Intervention Rapide &amp; Professionnelle\n\nD\u00e9couvrez l\u2019ensemble de nos services : ouverture de porte, changement de serrure, installation de syst\u00e8mes de s\u00e9curit\u00e9 et d\u00e9pannage d\u2019urgence 24h\/24. Des prestations fiables, transparentes, sans prix surprises.<\/h5>\t\t\t\t<\/div>\n\t\t\t\t\t<\/div>\n\t\t\t\t<\/div>\n\t\t<div class=\"elementor-element elementor-element-7e361ef8 e-flex e-con-boxed e-con e-parent\" data-id=\"7e361ef8\" data-element_type=\"container\" id=\"service1\">\n\t\t\t\t\t<div class=\"e-con-inner\">\n\t\t<div class=\"elementor-element elementor-element-132928fd e-con-full e-flex e-con e-child\" data-id=\"132928fd\" data-element_type=\"container\">\n\t\t\t\t<div class=\"elementor-element elementor-element-62b9e50a elementor-widget elementor-widget-heading\" data-id=\"62b9e50a\" data-element_type=\"widget\" data-widget_type=\"heading.default\">\n\t\t\t\t\t<h2 class=\"elementor-heading-title elementor-size-default\">Changement de serrure<\/h2>\t\t\t\t<\/div>\n\t\t\t\t<div class=\"elementor-element elementor-element-7f0d478e elementor-widget elementor-widget-text-editor\" data-id=\"7f0d478e\" data-element_type=\"widget\" data-widget_type=\"text-editor.default\">\n\t\t\t\t\t\t\t\t\t<p>Remplacez votre serrure pour s\u00e9curiser efficacement votre logement ou entreprise. Nous installons des serrures certifi\u00e9es, robustes et durables, adapt\u00e9es \u00e0 votre porte et vos exigences. Intervention rapide, travail soign\u00e9 et respect des normes de s\u00e9curit\u00e9 \u2014 pour votre enti\u00e8re tranquillit\u00e9.<\/p>\t\t\t\t\t\t\t\t<\/div>\n\t\t\t\t<\/div>\n\t\t<div class=\"elementor-element elementor-element-2f14ea25 e-con-full e-flex e-con e-child\" data-id=\"2f14ea25\" data-element_type=\"container\" data-settings=\"{&quot;background_background&quot;:&quot;classic&quot;}\">\n\t\t\t\t<\/div>\n\t\t\t\t\t<\/div>\n\t\t\t\t<\/div>\n\t\t<div class=\"elementor-element elementor-element-5957b5a7 e-flex e-con-boxed e-con e-parent\" data-id=\"5957b5a7\" data-element_type=\"container\" id=\"service2\">\n\t\t\t\t\t<div class=\"e-con-inner\">\n\t\t<div class=\"elementor-element elementor-element-14ab9ec5 e-con-full e-flex e-con e-child\" data-id=\"14ab9ec5\" data-element_type=\"container\">\n\t\t\t\t<div class=\"elementor-element elementor-element-17688e3d elementor-widget elementor-widget-heading\" data-id=\"17688e3d\" data-element_type=\"widget\" data-widget_type=\"heading.default\">\n\t\t\t\t\t<h2 class=\"elementor-heading-title elementor-size-default\">Ouverture de porte<\/h2>\t\t\t\t<\/div>\n\t\t\t\t<div class=\"elementor-element elementor-element-78ee4bf8 elementor-widget elementor-widget-text-editor\" data-id=\"78ee4bf8\" data-element_type=\"widget\" data-widget_type=\"text-editor.default\">\n\t\t\t\t\t\t\t\t\t<p>Porte bloqu\u00e9e, claqu\u00e9e ou verrouill\u00e9e ? Notre service d\u2019ouverture de porte intervient 24h\/24, 7j\/7. Nous utilisons des m\u00e9thodes non-d\u00e9truisantes quand c\u2019est possible, pour vous permettre d\u2019acc\u00e9der \u00e0 votre domicile ou bureau sans d\u00e9gradation, en un minimum de temps.<\/p>\t\t\t\t\t\t\t\t<\/div>\n\t\t\t\t<\/div>\n\t\t<div class=\"elementor-element elementor-element-683c8e86 e-con-full e-flex e-con e-child\" data-id=\"683c8e86\" data-element_type=\"container\" data-settings=\"{&quot;background_background&quot;:&quot;classic&quot;}\">\n\t\t\t\t<\/div>\n\t\t\t\t\t<\/div>\n\t\t\t\t<\/div>\n\t\t<div class=\"elementor-element elementor-element-38b24392 e-flex e-con-boxed e-con e-parent\" data-id=\"38b24392\" data-element_type=\"container\" id=\"service3\">\n\t\t\t\t\t<div class=\"e-con-inner\">\n\t\t<div class=\"elementor-element elementor-element-162e45bf e-con-full e-flex e-con e-child\" data-id=\"162e45bf\" data-element_type=\"container\">\n\t\t\t\t<div class=\"elementor-element elementor-element-4aa2e462 elementor-widget elementor-widget-heading\" data-id=\"4aa2e462\" data-element_type=\"widget\" data-widget_type=\"heading.default\">\n\t\t\t\t\t<h2 class=\"elementor-heading-title elementor-size-default\">S\u00e9curisation &amp; blindage<\/h2>\t\t\t\t<\/div>\n\t\t\t\t<div class=\"elementor-element elementor-element-5ef27139 elementor-widget elementor-widget-text-editor\" data-id=\"5ef27139\" data-element_type=\"widget\" data-widget_type=\"text-editor.default\">\n\t\t\t\t\t\t\t\t\t<p>Augmentez la s\u00e9curit\u00e9 de votre porte ou de votre logement avec des solutions de blindage, serrures multipoints, verrous renforc\u00e9s ou cylindres haute s\u00e9curit\u00e9. Nous offrons des interventions de s\u00e9curisation compl\u00e8tes, pour prot\u00e9ger vos biens et garantir votre s\u00e9r\u00e9nit\u00e9.<\/p>\t\t\t\t\t\t\t\t<\/div>\n\t\t\t\t<\/div>\n\t\t<div class=\"elementor-element elementor-element-4429700b e-con-full e-flex e-con e-child\" data-id=\"4429700b\" data-element_type=\"container\" data-settings=\"{&quot;background_background&quot;:&quot;classic&quot;}\">\n\t\t\t\t<\/div>\n\t\t\t\t\t<\/div>\n\t\t\t\t<\/div>\n\t\t<div class=\"elementor-element elementor-element-151cc171 e-flex e-con-boxed e-con e-parent\" data-id=\"151cc171\" data-element_type=\"container\" id=\"service4\">\n\t\t\t\t\t<div class=\"e-con-inner\">\n\t\t<div class=\"elementor-element elementor-element-4f719ee4 e-con-full e-flex e-con e-child\" data-id=\"4f719ee4\" data-element_type=\"container\">\n\t\t\t\t<div class=\"elementor-element elementor-element-2e3a27df elementor-widget elementor-widget-heading\" data-id=\"2e3a27df\" data-element_type=\"widget\" data-widget_type=\"heading.default\">\n\t\t\t\t\t<h2 class=\"elementor-heading-title elementor-size-default\">D\u00e9pannage &amp; urgence serrurerie<\/h2>\t\t\t\t<\/div>\n\t\t\t\t<div class=\"elementor-element elementor-element-59c27834 elementor-widget elementor-widget-text-editor\" data-id=\"59c27834\" data-element_type=\"widget\" data-widget_type=\"text-editor.default\">\n\t\t\t\t\t\t\t\t\t<p>En cas de probl\u00e8me urgent (porte bloqu\u00e9e, serrure cass\u00e9e, effraction\u2026), notre service de d\u00e9pannage est disponible imm\u00e9diatement. Intervention rapide, mat\u00e9riel adapt\u00e9 et diagnostic clair \u2014 pour remettre votre acc\u00e8s en \u00e9tat sans stress ni complication.<\/p>\t\t\t\t\t\t\t\t<\/div>\n\t\t\t\t<\/div>\n\t\t<div class=\"elementor-element elementor-element-57947738 e-con-full e-flex e-con e-child\" data-id=\"57947738\" data-element_type=\"container\" data-settings=\"{&quot;background_background&quot;:&quot;classic&quot;}\">\n\t\t\t\t<\/div>\n\t\t\t\t\t<\/div>\n\t\t\t\t<\/div>\n\t\t<div class=\"elementor-element elementor-element-7868886 e-flex e-con-boxed e-con e-parent\" data-id=\"7868886\" data-element_type=\"container\">\n\t\t\t\t\t<div class=\"e-con-inner\">\n\t\t\t\t<div class=\"elementor-element elementor-element-40e9be10 elementor-widget elementor-widget-heading\" data-id=\"40e9be10\" data-element_type=\"widget\" data-widget_type=\"heading.default\">\n\t\t\t\t\t<h2 class=\"elementor-heading-title elementor-size-default\">Besoin d\u2019une intervention rapide ?\u200b<\/h2>\t\t\t\t<\/div>\n\t\t\t\t<div class=\"elementor-element elementor-element-9dc919a elementor-widget__width-initial elementor-widget elementor-widget-text-editor\" data-id=\"9dc919a\" data-element_type=\"widget\" data-widget_type=\"text-editor.default\">\n\t\t\t\t\t\t\t\t\t<p>Ne perdez pas de temps : contactez-nous d\u00e8s maintenant pour une assistance imm\u00e9diate. Que ce soit pour une ouverture de porte, un changement de serrure ou une s\u00e9curisation, nous intervenons rapidement et avec professionnalisme.<\/p>\t\t\t\t\t\t\t\t<\/div>\n\t\t\t\t<div class=\"elementor-element elementor-element-1d354ac1 elementor-align-center elementor-invisible elementor-widget elementor-widget-button\" data-id=\"1d354ac1\" data-element_type=\"widget\" data-settings=\"{&quot;_animation&quot;:&quot;fadeInDown&quot;}\" data-widget_type=\"button.default\">\n\t\t\t\t\t\t\t\t\t\t<a class=\"elementor-button elementor-button-link elementor-size-sm\" href=\"tel:+33743670390\">\n\t\t\t\t\t\t<span class=\"elementor-button-content-wrapper\">\n\t\t\t\t\t\t\t\t\t<span class=\"elementor-button-text\">Appelez-nous<\/span>\n\t\t\t\t\t<\/span>\n\t\t\t\t\t<\/a>\n\t\t\t\t\t\t\t\t<\/div>\n\t\t\t\t\t<\/div>\n\t\t\t\t<\/div>\n\t\t\t\t<\/div>\n\t\t","protected":false},"excerpt":{"rendered":"<p>Services de Serrurerie \u00e0 Marseille Intervention Rapide &amp; Professionnelle D\u00e9couvrez l\u2019ensemble de nos services : ouverture de porte, changement de serrure, installation de syst\u00e8mes de s\u00e9curit\u00e9 et d\u00e9pannage d\u2019urgence 24h\/24. Des prestations fiables, transparentes, sans prix surprises. Changement de serrure Remplacez votre serrure pour s\u00e9curiser efficacement votre logement ou entreprise. Nous installons des serrures certifi\u00e9es, [&hellip;]<\/p>\n","protected":false},"author":1,"featured_media":224,"parent":0,"menu_order":0,"comment_status":"closed","ping_status":"closed","template":"elementor_header_footer","meta":{"_uag_custom_page_level_css":"","footnotes":""},"class_list":["post-220","page","type-page","status-publish","has-post-thumbnail","hentry"],"yoast_head":"<!-- This site is optimized with the Yoast SEO plugin v26.4 - https:\/\/yoast.com\/wordpress\/plugins\/seo\/ -->\n<title>Services - Serrurier Marseille Direct<\/title>\n<meta name=\"robots\" content=\"index, follow, max-snippet:-1, max-image-preview:large, max-video-preview:-1\" \/>\n<link rel=\"canonical\" href=\"https:\/\/serruriermarseilledirect.fr\/?page_id=220\" \/>\n<meta property=\"og:locale\" content=\"en_US\" \/>\n<meta property=\"og:type\" content=\"article\" \/>\n<meta property=\"og:title\" content=\"Services - Serrurier Marseille Direct\" \/>\n<meta property=\"og:description\" content=\"Services de Serrurerie \u00e0 Marseille Intervention Rapide &amp; Professionnelle D\u00e9couvrez l\u2019ensemble de nos services : ouverture de porte, changement de serrure, installation de syst\u00e8mes de s\u00e9curit\u00e9 et d\u00e9pannage d\u2019urgence 24h\/24. Des prestations fiables, transparentes, sans prix surprises. Changement de serrure Remplacez votre serrure pour s\u00e9curiser efficacement votre logement ou entreprise. Nous installons des serrures certifi\u00e9es, [&hellip;]\" \/>\n<meta property=\"og:url\" content=\"https:\/\/serruriermarseilledirect.fr\/?page_id=220\" \/>\n<meta property=\"og:site_name\" content=\"Serrurier Marseille Direct\" \/>\n<meta property=\"article:modified_time\" content=\"2025-11-26T17:45:32+00:00\" \/>\n<meta property=\"og:image\" content=\"http:\/\/serruriermarseilledirect.fr\/wp-content\/uploads\/2025\/11\/Services-400_380.jpg\" \/>\n\t<meta property=\"og:image:width\" content=\"400\" \/>\n\t<meta property=\"og:image:height\" content=\"380\" \/>\n\t<meta property=\"og:image:type\" content=\"image\/jpeg\" \/>\n<meta name=\"twitter:card\" content=\"summary_large_image\" \/>\n<meta name=\"twitter:label1\" content=\"Est. reading time\" \/>\n\t<meta name=\"twitter:data1\" content=\"2 minutes\" \/>\n<script type=\"application\/ld+json\" class=\"yoast-schema-graph\">{\"@context\":\"https:\/\/schema.org\",\"@graph\":[{\"@type\":\"WebPage\",\"@id\":\"https:\/\/serruriermarseilledirect.fr\/?page_id=220\",\"url\":\"https:\/\/serruriermarseilledirect.fr\/?page_id=220\",\"name\":\"Services - Serrurier Marseille Direct\",\"isPartOf\":{\"@id\":\"https:\/\/serruriermarseilledirect.fr\/#website\"},\"primaryImageOfPage\":{\"@id\":\"https:\/\/serruriermarseilledirect.fr\/?page_id=220#primaryimage\"},\"image\":{\"@id\":\"https:\/\/serruriermarseilledirect.fr\/?page_id=220#primaryimage\"},\"thumbnailUrl\":\"https:\/\/serruriermarseilledirect.fr\/wp-content\/uploads\/2025\/11\/Services-400_380.jpg\",\"datePublished\":\"2025-11-25T15:11:55+00:00\",\"dateModified\":\"2025-11-26T17:45:32+00:00\",\"breadcrumb\":{\"@id\":\"https:\/\/serruriermarseilledirect.fr\/?page_id=220#breadcrumb\"},\"inLanguage\":\"en-US\",\"potentialAction\":[{\"@type\":\"ReadAction\",\"target\":[\"https:\/\/serruriermarseilledirect.fr\/?page_id=220\"]}]},{\"@type\":\"ImageObject\",\"inLanguage\":\"en-US\",\"@id\":\"https:\/\/serruriermarseilledirect.fr\/?page_id=220#primaryimage\",\"url\":\"https:\/\/serruriermarseilledirect.fr\/wp-content\/uploads\/2025\/11\/Services-400_380.jpg\",\"contentUrl\":\"https:\/\/serruriermarseilledirect.fr\/wp-content\/uploads\/2025\/11\/Services-400_380.jpg\",\"width\":400,\"height\":380},{\"@type\":\"BreadcrumbList\",\"@id\":\"https:\/\/serruriermarseilledirect.fr\/?page_id=220#breadcrumb\",\"itemListElement\":[{\"@type\":\"ListItem\",\"position\":1,\"name\":\"Home\",\"item\":\"https:\/\/serruriermarseilledirect.fr\/\"},{\"@type\":\"ListItem\",\"position\":2,\"name\":\"Services\"}]},{\"@type\":\"WebSite\",\"@id\":\"https:\/\/serruriermarseilledirect.fr\/#website\",\"url\":\"https:\/\/serruriermarseilledirect.fr\/\",\"name\":\"Serrurier Marseille Direct\",\"description\":\"\",\"publisher\":{\"@id\":\"https:\/\/serruriermarseilledirect.fr\/#organization\"},\"potentialAction\":[{\"@type\":\"SearchAction\",\"target\":{\"@type\":\"EntryPoint\",\"urlTemplate\":\"https:\/\/serruriermarseilledirect.fr\/?s={search_term_string}\"},\"query-input\":{\"@type\":\"PropertyValueSpecification\",\"valueRequired\":true,\"valueName\":\"search_term_string\"}}],\"inLanguage\":\"en-US\"},{\"@type\":\"Organization\",\"@id\":\"https:\/\/serruriermarseilledirect.fr\/#organization\",\"name\":\"Serrurier Marseille Direct\",\"url\":\"https:\/\/serruriermarseilledirect.fr\/\",\"logo\":{\"@type\":\"ImageObject\",\"inLanguage\":\"en-US\",\"@id\":\"https:\/\/serruriermarseilledirect.fr\/#\/schema\/logo\/image\/\",\"url\":\"https:\/\/serruriermarseilledirect.fr\/wp-content\/uploads\/2025\/11\/cropped-Icon-SMD-01.jpg\",\"contentUrl\":\"https:\/\/serruriermarseilledirect.fr\/wp-content\/uploads\/2025\/11\/cropped-Icon-SMD-01.jpg\",\"width\":674,\"height\":600,\"caption\":\"Serrurier Marseille Direct\"},\"image\":{\"@id\":\"https:\/\/serruriermarseilledirect.fr\/#\/schema\/logo\/image\/\"}}]}<\/script>\n<!-- \/ Yoast SEO plugin. -->","yoast_head_json":{"title":"Services - Serrurier Marseille Direct","robots":{"index":"index","follow":"follow","max-snippet":"max-snippet:-1","max-image-preview":"max-image-preview:large","max-video-preview":"max-video-preview:-1"},"canonical":"https:\/\/serruriermarseilledirect.fr\/?page_id=220","og_locale":"en_US","og_type":"article","og_title":"Services - Serrurier Marseille Direct","og_description":"Services de Serrurerie \u00e0 Marseille Intervention Rapide &amp; Professionnelle D\u00e9couvrez l\u2019ensemble de nos services : ouverture de porte, changement de serrure, installation de syst\u00e8mes de s\u00e9curit\u00e9 et d\u00e9pannage d\u2019urgence 24h\/24. Des prestations fiables, transparentes, sans prix surprises. Changement de serrure Remplacez votre serrure pour s\u00e9curiser efficacement votre logement ou entreprise. Nous installons des serrures certifi\u00e9es, [&hellip;]","og_url":"https:\/\/serruriermarseilledirect.fr\/?page_id=220","og_site_name":"Serrurier Marseille Direct","article_modified_time":"2025-11-26T17:45:32+00:00","og_image":[{"width":400,"height":380,"url":"http:\/\/serruriermarseilledirect.fr\/wp-content\/uploads\/2025\/11\/Services-400_380.jpg","type":"image\/jpeg"}],"twitter_card":"summary_large_image","twitter_misc":{"Est. reading time":"2 minutes"},"schema":{"@context":"https:\/\/schema.org","@graph":[{"@type":"WebPage","@id":"https:\/\/serruriermarseilledirect.fr\/?page_id=220","url":"https:\/\/serruriermarseilledirect.fr\/?page_id=220","name":"Services - Serrurier Marseille Direct","isPartOf":{"@id":"https:\/\/serruriermarseilledirect.fr\/#website"},"primaryImageOfPage":{"@id":"https:\/\/serruriermarseilledirect.fr\/?page_id=220#primaryimage"},"image":{"@id":"https:\/\/serruriermarseilledirect.fr\/?page_id=220#primaryimage"},"thumbnailUrl":"https:\/\/serruriermarseilledirect.fr\/wp-content\/uploads\/2025\/11\/Services-400_380.jpg","datePublished":"2025-11-25T15:11:55+00:00","dateModified":"2025-11-26T17:45:32+00:00","breadcrumb":{"@id":"https:\/\/serruriermarseilledirect.fr\/?page_id=220#breadcrumb"},"inLanguage":"en-US","potentialAction":[{"@type":"ReadAction","target":["https:\/\/serruriermarseilledirect.fr\/?page_id=220"]}]},{"@type":"ImageObject","inLanguage":"en-US","@id":"https:\/\/serruriermarseilledirect.fr\/?page_id=220#primaryimage","url":"https:\/\/serruriermarseilledirect.fr\/wp-content\/uploads\/2025\/11\/Services-400_380.jpg","contentUrl":"https:\/\/serruriermarseilledirect.fr\/wp-content\/uploads\/2025\/11\/Services-400_380.jpg","width":400,"height":380},{"@type":"BreadcrumbList","@id":"https:\/\/serruriermarseilledirect.fr\/?page_id=220#breadcrumb","itemListElement":[{"@type":"ListItem","position":1,"name":"Home","item":"https:\/\/serruriermarseilledirect.fr\/"},{"@type":"ListItem","position":2,"name":"Services"}]},{"@type":"WebSite","@id":"https:\/\/serruriermarseilledirect.fr\/#website","url":"https:\/\/serruriermarseilledirect.fr\/","name":"Serrurier Marseille Direct","description":"","publisher":{"@id":"https:\/\/serruriermarseilledirect.fr\/#organization"},"potentialAction":[{"@type":"SearchAction","target":{"@type":"EntryPoint","urlTemplate":"https:\/\/serruriermarseilledirect.fr\/?s={search_term_string}"},"query-input":{"@type":"PropertyValueSpecification","valueRequired":true,"valueName":"search_term_string"}}],"inLanguage":"en-US"},{"@type":"Organization","@id":"https:\/\/serruriermarseilledirect.fr\/#organization","name":"Serrurier Marseille Direct","url":"https:\/\/serruriermarseilledirect.fr\/","logo":{"@type":"ImageObject","inLanguage":"en-US","@id":"https:\/\/serruriermarseilledirect.fr\/#\/schema\/logo\/image\/","url":"https:\/\/serruriermarseilledirect.fr\/wp-content\/uploads\/2025\/11\/cropped-Icon-SMD-01.jpg","contentUrl":"https:\/\/serruriermarseilledirect.fr\/wp-content\/uploads\/2025\/11\/cropped-Icon-SMD-01.jpg","width":674,"height":600,"caption":"Serrurier Marseille Direct"},"image":{"@id":"https:\/\/serruriermarseilledirect.fr\/#\/schema\/logo\/image\/"}}]}},"uagb_featured_image_src":{"full":["https:\/\/serruriermarseilledirect.fr\/wp-content\/uploads\/2025\/11\/Services-400_380.jpg",400,380,false],"thumbnail":["https:\/\/serruriermarseilledirect.fr\/wp-content\/uploads\/2025\/11\/Services-400_380-150x150.jpg",150,150,true],"medium":["https:\/\/serruriermarseilledirect.fr\/wp-content\/uploads\/2025\/11\/Services-400_380-300x285.jpg",300,285,true],"medium_large":["https:\/\/serruriermarseilledirect.fr\/wp-content\/uploads\/2025\/11\/Services-400_380.jpg",400,380,false],"large":["https:\/\/serruriermarseilledirect.fr\/wp-content\/uploads\/2025\/11\/Services-400_380.jpg",400,380,false],"1536x1536":["https:\/\/serruriermarseilledirect.fr\/wp-content\/uploads\/2025\/11\/Services-400_380.jpg",400,380,false],"2048x2048":["https:\/\/serruriermarseilledirect.fr\/wp-content\/uploads\/2025\/11\/Services-400_380.jpg",400,380,false]},"uagb_author_info":{"display_name":"admin5816","author_link":"https:\/\/serruriermarseilledirect.fr\/?author=1"},"uagb_comment_info":0,"uagb_excerpt":"Services de Serrurerie \u00e0 Marseille Intervention Rapide &amp; Professionnelle D\u00e9couvrez l\u2019ensemble de nos services : ouverture de porte, changement de serrure, installation de syst\u00e8mes de s\u00e9curit\u00e9 et d\u00e9pannage d\u2019urgence 24h\/24. Des prestations fiables, transparentes, sans prix surprises. Changement de serrure Remplacez votre serrure pour s\u00e9curiser efficacement votre logement ou entreprise. Nous installons des serrures certifi\u00e9es,&hellip;","_links":{"self":[{"href":"https:\/\/serruriermarseilledirect.fr\/index.php?rest_route=\/wp\/v2\/pages\/220","targetHints":{"allow":["GET"]}}],"collection":[{"href":"https:\/\/serruriermarseilledirect.fr\/index.php?rest_route=\/wp\/v2\/pages"}],"about":[{"href":"https:\/\/serruriermarseilledirect.fr\/index.php?rest_route=\/wp\/v2\/types\/page"}],"author":[{"embeddable":true,"href":"https:\/\/serruriermarseilledirect.fr\/index.php?rest_route=\/wp\/v2\/users\/1"}],"replies":[{"embeddable":true,"href":"https:\/\/serruriermarseilledirect.fr\/index.php?rest_route=%2Fwp%2Fv2%2Fcomments&post=220"}],"version-history":[{"count":13,"href":"https:\/\/serruriermarseilledirect.fr\/index.php?rest_route=\/wp\/v2\/pages\/220\/revisions"}],"predecessor-version":[{"id":390,"href":"https:\/\/serruriermarseilledirect.fr\/index.php?rest_route=\/wp\/v2\/pages\/220\/revisions\/390"}],"wp:featuredmedia":[{"embeddable":true,"href":"https:\/\/serruriermarseilledirect.fr\/index.php?rest_route=\/wp\/v2\/media\/224"}],"wp:attachment":[{"href":"https:\/\/serruriermarseilledirect.fr\/index.php?rest_route=%2Fwp%2Fv2%2Fmedia&parent=220"}],"curies":[{"name":"wp","href":"https:\/\/api.w.org\/{rel}","templated":true}]}}