{"id":225,"date":"2025-11-25T15:11:55","date_gmt":"2025-11-25T15:11:55","guid":{"rendered":"https:\/\/serruriermarseilledirect.fr\/?page_id=225"},"modified":"2025-11-26T17:44:29","modified_gmt":"2025-11-26T17:44:29","slug":"about","status":"publish","type":"page","link":"https:\/\/serruriermarseilledirect.fr\/?page_id=225","title":{"rendered":"\u00c0 PROPOS"},"content":{"rendered":"\t\t<div data-elementor-type=\"wp-page\" data-elementor-id=\"225\" class=\"elementor elementor-225\">\n\t\t\t\t<div class=\"elementor-element elementor-element-2ec9d630 e-con-full e-flex e-con e-parent\" data-id=\"2ec9d630\" data-element_type=\"container\">\n\t\t<div class=\"elementor-element elementor-element-496edb39 e-con-full e-flex e-con e-child\" data-id=\"496edb39\" data-element_type=\"container\">\n\t\t\t\t<div class=\"elementor-element elementor-element-3353e39a elementor-widget elementor-widget-heading\" data-id=\"3353e39a\" data-element_type=\"widget\" data-widget_type=\"heading.default\">\n\t\t\t\t\t<h1 class=\"elementor-heading-title elementor-size-default\">\u00c0 PROPOS<\/h1>\t\t\t\t<\/div>\n\t\t\t\t<div class=\"elementor-element elementor-element-21d3c373 elementor-widget-divider--view-line elementor-widget elementor-widget-divider\" data-id=\"21d3c373\" data-element_type=\"widget\" data-widget_type=\"divider.default\">\n\t\t\t\t\t\t\t<div class=\"elementor-divider\">\n\t\t\t<span class=\"elementor-divider-separator\">\n\t\t\t\t\t\t<\/span>\n\t\t<\/div>\n\t\t\t\t\t\t<\/div>\n\t\t\t\t<div class=\"elementor-element elementor-element-4a2fa918 elementor-widget__width-initial elementor-widget elementor-widget-text-editor\" data-id=\"4a2fa918\" data-element_type=\"widget\" data-widget_type=\"text-editor.default\">\n\t\t\t\t\t\t\t\t\t<p>Serrurier Marseille Direct est une entreprise sp\u00e9cialis\u00e9e dans le d\u00e9pannage d\u2019urgence, l\u2019ouverture de portes, le changement de serrures et la s\u00e9curisation des habitations. Nous intervenons rapidement, avec s\u00e9rieux, professionnalisme et une transparence totale.<\/p>\t\t\t\t\t\t\t\t<\/div>\n\t\t\t\t<\/div>\n\t\t<div class=\"elementor-element elementor-element-2ca5d2c0 e-con-full e-flex e-con e-child\" data-id=\"2ca5d2c0\" data-element_type=\"container\" data-settings=\"{&quot;background_background&quot;:&quot;classic&quot;}\">\n\t\t\t\t<\/div>\n\t\t\t\t<\/div>\n\t\t<div class=\"elementor-element elementor-element-771db64c e-con-full e-flex e-con e-parent\" data-id=\"771db64c\" data-element_type=\"container\">\n\t\t<div class=\"elementor-element elementor-element-94cc8e e-con-full e-flex e-con e-child\" data-id=\"94cc8e\" data-element_type=\"container\">\n\t\t\t\t<div class=\"elementor-element elementor-element-4172f58f elementor-pagination-position-inside elementor-widget elementor-widget-image-carousel\" data-id=\"4172f58f\" data-element_type=\"widget\" data-settings=\"{&quot;slides_to_show&quot;:&quot;1&quot;,&quot;navigation&quot;:&quot;dots&quot;,&quot;pause_on_hover&quot;:&quot;no&quot;,&quot;pause_on_interaction&quot;:&quot;no&quot;,&quot;autoplay&quot;:&quot;yes&quot;,&quot;autoplay_speed&quot;:5000,&quot;infinite&quot;:&quot;yes&quot;,&quot;effect&quot;:&quot;slide&quot;,&quot;speed&quot;:500}\" data-widget_type=\"image-carousel.default\">\n\t\t\t\t\t\t\t<div class=\"elementor-image-carousel-wrapper swiper\" role=\"region\" aria-roledescription=\"carousel\" aria-label=\"Image Carousel\" dir=\"ltr\">\n\t\t\t<div class=\"elementor-image-carousel swiper-wrapper swiper-image-stretch\" aria-live=\"off\">\n\t\t\t\t\t\t\t\t<div class=\"swiper-slide\" role=\"group\" aria-roledescription=\"slide\" aria-label=\"1 of 4\"><figure class=\"swiper-slide-inner\"><img decoding=\"async\" class=\"swiper-slide-image\" src=\"https:\/\/serruriermarseilledirect.fr\/wp-content\/uploads\/2025\/11\/WhatsApp-Image-2025-11-23-at-8.16.44-PM-768x1024.jpeg\" alt=\"WhatsApp Image 2025-11-23 at 8.16.44 PM\" \/><\/figure><\/div><div class=\"swiper-slide\" role=\"group\" aria-roledescription=\"slide\" aria-label=\"2 of 4\"><figure class=\"swiper-slide-inner\"><img decoding=\"async\" class=\"swiper-slide-image\" src=\"https:\/\/serruriermarseilledirect.fr\/wp-content\/uploads\/2025\/11\/WhatsApp-Image-2025-11-23-at-8.16.36-PM-768x1024.jpeg\" alt=\"WhatsApp Image 2025-11-23 at 8.16.36 PM\" \/><\/figure><\/div><div class=\"swiper-slide\" role=\"group\" aria-roledescription=\"slide\" aria-label=\"3 of 4\"><figure class=\"swiper-slide-inner\"><img decoding=\"async\" class=\"swiper-slide-image\" src=\"https:\/\/serruriermarseilledirect.fr\/wp-content\/uploads\/2025\/11\/WhatsApp-Image-2025-11-23-at-8.16.33-PM-768x1024.jpeg\" alt=\"WhatsApp Image 2025-11-23 at 8.16.33 PM\" \/><\/figure><\/div><div class=\"swiper-slide\" role=\"group\" aria-roledescription=\"slide\" aria-label=\"4 of 4\"><figure class=\"swiper-slide-inner\"><img decoding=\"async\" class=\"swiper-slide-image\" src=\"https:\/\/serruriermarseilledirect.fr\/wp-content\/uploads\/2025\/11\/WhatsApp-Image-2025-11-23-at-8.16.26-PM-768x1024.jpeg\" alt=\"WhatsApp Image 2025-11-23 at 8.16.26 PM\" \/><\/figure><\/div>\t\t\t<\/div>\n\t\t\t\t\t\t\t\n\t\t\t\t\t\t\t\t\t<div class=\"swiper-pagination\"><\/div>\n\t\t\t\t\t\t\t\t\t<\/div>\n\t\t\t\t\t\t<\/div>\n\t\t\t\t<\/div>\n\t\t<div class=\"elementor-element elementor-element-5c54cbf4 e-con-full e-flex e-con e-child\" data-id=\"5c54cbf4\" data-element_type=\"container\">\n\t\t\t\t<div class=\"elementor-element elementor-element-3349bbd0 elementor-widget elementor-widget-heading\" data-id=\"3349bbd0\" data-element_type=\"widget\" data-widget_type=\"heading.default\">\n\t\t\t\t\t<h2 class=\"elementor-heading-title elementor-size-default\">HISTOIRE DE L\u2019ENTREPRISE<\/h2>\t\t\t\t<\/div>\n\t\t\t\t<div class=\"elementor-element elementor-element-fb77d95 elementor-widget__width-initial elementor-widget elementor-widget-text-editor\" data-id=\"fb77d95\" data-element_type=\"widget\" data-widget_type=\"text-editor.default\">\n\t\t\t\t\t\t\t\t\t<p>Serrurier Marseille Direct est n\u00e9 avec une mission simple : offrir un service de serrurerie honn\u00eate, rapide et accessible \u00e0 tous. Gr\u00e2ce \u00e0 une solide exp\u00e9rience dans le domaine, nous avons d\u00e9velopp\u00e9 une approche bas\u00e9e sur la confiance, la transparence et l\u2019efficacit\u00e9.<\/p>\t\t\t\t\t\t\t\t<\/div>\n\t\t\t\t<div class=\"elementor-element elementor-element-1e9515da elementor-widget elementor-widget-testimonial\" data-id=\"1e9515da\" data-element_type=\"widget\" data-widget_type=\"testimonial.default\">\n\t\t\t\t\t\t\t<div class=\"elementor-testimonial-wrapper\">\n\t\t\t\t\t\t\t<div class=\"elementor-testimonial-content\">Nous intervenons dans tous les quartiers de Marseille, 24h\/24 et 7j\/7, pour garantir une assistance fiable au moment o\u00f9 vous en avez le plus besoin.<\/div>\n\t\t\t\n\t\t\t\t\t<\/div>\n\t\t\t\t\t\t<\/div>\n\t\t\t\t<\/div>\n\t\t\t\t<\/div>\n\t\t<div class=\"elementor-element elementor-element-6dc50d90 e-flex e-con-boxed e-con e-parent\" data-id=\"6dc50d90\" data-element_type=\"container\">\n\t\t\t\t\t<div class=\"e-con-inner\">\n\t\t\t\t<div class=\"elementor-element elementor-element-459095c elementor-widget elementor-widget-heading\" data-id=\"459095c\" data-element_type=\"widget\" data-widget_type=\"heading.default\">\n\t\t\t\t\t<h2 class=\"elementor-heading-title elementor-size-default\">Besoin d\u2019une intervention rapide ?<\/h2>\t\t\t\t<\/div>\n\t\t\t\t<div class=\"elementor-element elementor-element-312f1318 elementor-widget__width-initial elementor-widget elementor-widget-text-editor\" data-id=\"312f1318\" data-element_type=\"widget\" data-widget_type=\"text-editor.default\">\n\t\t\t\t\t\t\t\t\t<p>Ne perdez pas de temps : contactez-nous d\u00e8s maintenant pour une assistance imm\u00e9diate. Que ce soit pour une ouverture de porte, un changement de serrure ou une s\u00e9curisation, nous intervenons rapidement et avec professionnalisme.<\/p>\t\t\t\t\t\t\t\t<\/div>\n\t\t\t\t<div class=\"elementor-element elementor-element-3913940f elementor-align-center elementor-invisible elementor-widget elementor-widget-button\" data-id=\"3913940f\" data-element_type=\"widget\" data-settings=\"{&quot;_animation&quot;:&quot;fadeInDown&quot;}\" data-widget_type=\"button.default\">\n\t\t\t\t\t\t\t\t\t\t<a class=\"elementor-button elementor-button-link elementor-size-sm\" href=\"tel:+33743670390\">\n\t\t\t\t\t\t<span class=\"elementor-button-content-wrapper\">\n\t\t\t\t\t\t\t\t\t<span class=\"elementor-button-text\">Appelez-nous<\/span>\n\t\t\t\t\t<\/span>\n\t\t\t\t\t<\/a>\n\t\t\t\t\t\t\t\t<\/div>\n\t\t\t\t\t<\/div>\n\t\t\t\t<\/div>\n\t\t\t\t<\/div>\n\t\t","protected":false},"excerpt":{"rendered":"<p>\u00c0 PROPOS Serrurier Marseille Direct est une entreprise sp\u00e9cialis\u00e9e dans le d\u00e9pannage d\u2019urgence, l\u2019ouverture de portes, le changement de serrures et la s\u00e9curisation des habitations. Nous intervenons rapidement, avec s\u00e9rieux, professionnalisme et une transparence totale. HISTOIRE DE L\u2019ENTREPRISE Serrurier Marseille Direct est n\u00e9 avec une mission simple : offrir un service de serrurerie honn\u00eate, rapide [&hellip;]<\/p>\n","protected":false},"author":1,"featured_media":229,"parent":0,"menu_order":0,"comment_status":"closed","ping_status":"closed","template":"elementor_header_footer","meta":{"_uag_custom_page_level_css":"","footnotes":""},"class_list":["post-225","page","type-page","status-publish","has-post-thumbnail","hentry"],"yoast_head":"<!-- This site is optimized with the Yoast SEO plugin v26.4 - https:\/\/yoast.com\/wordpress\/plugins\/seo\/ -->\n<title>\u00c0 PROPOS - Serrurier Marseille Direct<\/title>\n<meta name=\"robots\" content=\"index, follow, max-snippet:-1, max-image-preview:large, max-video-preview:-1\" \/>\n<link rel=\"canonical\" href=\"https:\/\/serruriermarseilledirect.fr\/?page_id=225\" \/>\n<meta property=\"og:locale\" content=\"en_US\" \/>\n<meta property=\"og:type\" content=\"article\" \/>\n<meta property=\"og:title\" content=\"\u00c0 PROPOS - Serrurier Marseille Direct\" \/>\n<meta property=\"og:description\" content=\"\u00c0 PROPOS Serrurier Marseille Direct est une entreprise sp\u00e9cialis\u00e9e dans le d\u00e9pannage d\u2019urgence, l\u2019ouverture de portes, le changement de serrures et la s\u00e9curisation des habitations. Nous intervenons rapidement, avec s\u00e9rieux, professionnalisme et une transparence totale. HISTOIRE DE L\u2019ENTREPRISE Serrurier Marseille Direct est n\u00e9 avec une mission simple : offrir un service de serrurerie honn\u00eate, rapide [&hellip;]\" \/>\n<meta property=\"og:url\" content=\"https:\/\/serruriermarseilledirect.fr\/?page_id=225\" \/>\n<meta property=\"og:site_name\" content=\"Serrurier Marseille Direct\" \/>\n<meta property=\"article:modified_time\" content=\"2025-11-26T17:44:29+00:00\" \/>\n<meta property=\"og:image\" content=\"http:\/\/serruriermarseilledirect.fr\/wp-content\/uploads\/2025\/11\/About-400_380.jpg\" \/>\n\t<meta property=\"og:image:width\" content=\"400\" \/>\n\t<meta property=\"og:image:height\" content=\"380\" \/>\n\t<meta property=\"og:image:type\" content=\"image\/jpeg\" \/>\n<meta name=\"twitter:card\" content=\"summary_large_image\" \/>\n<meta name=\"twitter:label1\" content=\"Est. reading time\" \/>\n\t<meta name=\"twitter:data1\" content=\"2 minutes\" \/>\n<script type=\"application\/ld+json\" class=\"yoast-schema-graph\">{\"@context\":\"https:\/\/schema.org\",\"@graph\":[{\"@type\":\"WebPage\",\"@id\":\"https:\/\/serruriermarseilledirect.fr\/?page_id=225\",\"url\":\"https:\/\/serruriermarseilledirect.fr\/?page_id=225\",\"name\":\"\u00c0 PROPOS - Serrurier Marseille Direct\",\"isPartOf\":{\"@id\":\"https:\/\/serruriermarseilledirect.fr\/#website\"},\"primaryImageOfPage\":{\"@id\":\"https:\/\/serruriermarseilledirect.fr\/?page_id=225#primaryimage\"},\"image\":{\"@id\":\"https:\/\/serruriermarseilledirect.fr\/?page_id=225#primaryimage\"},\"thumbnailUrl\":\"https:\/\/serruriermarseilledirect.fr\/wp-content\/uploads\/2025\/11\/About-400_380.jpg\",\"datePublished\":\"2025-11-25T15:11:55+00:00\",\"dateModified\":\"2025-11-26T17:44:29+00:00\",\"breadcrumb\":{\"@id\":\"https:\/\/serruriermarseilledirect.fr\/?page_id=225#breadcrumb\"},\"inLanguage\":\"en-US\",\"potentialAction\":[{\"@type\":\"ReadAction\",\"target\":[\"https:\/\/serruriermarseilledirect.fr\/?page_id=225\"]}]},{\"@type\":\"ImageObject\",\"inLanguage\":\"en-US\",\"@id\":\"https:\/\/serruriermarseilledirect.fr\/?page_id=225#primaryimage\",\"url\":\"https:\/\/serruriermarseilledirect.fr\/wp-content\/uploads\/2025\/11\/About-400_380.jpg\",\"contentUrl\":\"https:\/\/serruriermarseilledirect.fr\/wp-content\/uploads\/2025\/11\/About-400_380.jpg\",\"width\":400,\"height\":380},{\"@type\":\"BreadcrumbList\",\"@id\":\"https:\/\/serruriermarseilledirect.fr\/?page_id=225#breadcrumb\",\"itemListElement\":[{\"@type\":\"ListItem\",\"position\":1,\"name\":\"Home\",\"item\":\"https:\/\/serruriermarseilledirect.fr\/\"},{\"@type\":\"ListItem\",\"position\":2,\"name\":\"\u00c0 PROPOS\"}]},{\"@type\":\"WebSite\",\"@id\":\"https:\/\/serruriermarseilledirect.fr\/#website\",\"url\":\"https:\/\/serruriermarseilledirect.fr\/\",\"name\":\"Serrurier Marseille Direct\",\"description\":\"\",\"publisher\":{\"@id\":\"https:\/\/serruriermarseilledirect.fr\/#organization\"},\"potentialAction\":[{\"@type\":\"SearchAction\",\"target\":{\"@type\":\"EntryPoint\",\"urlTemplate\":\"https:\/\/serruriermarseilledirect.fr\/?s={search_term_string}\"},\"query-input\":{\"@type\":\"PropertyValueSpecification\",\"valueRequired\":true,\"valueName\":\"search_term_string\"}}],\"inLanguage\":\"en-US\"},{\"@type\":\"Organization\",\"@id\":\"https:\/\/serruriermarseilledirect.fr\/#organization\",\"name\":\"Serrurier Marseille Direct\",\"url\":\"https:\/\/serruriermarseilledirect.fr\/\",\"logo\":{\"@type\":\"ImageObject\",\"inLanguage\":\"en-US\",\"@id\":\"https:\/\/serruriermarseilledirect.fr\/#\/schema\/logo\/image\/\",\"url\":\"https:\/\/serruriermarseilledirect.fr\/wp-content\/uploads\/2025\/11\/cropped-Icon-SMD-01.jpg\",\"contentUrl\":\"https:\/\/serruriermarseilledirect.fr\/wp-content\/uploads\/2025\/11\/cropped-Icon-SMD-01.jpg\",\"width\":674,\"height\":600,\"caption\":\"Serrurier Marseille Direct\"},\"image\":{\"@id\":\"https:\/\/serruriermarseilledirect.fr\/#\/schema\/logo\/image\/\"}}]}<\/script>\n<!-- \/ Yoast SEO plugin. -->","yoast_head_json":{"title":"\u00c0 PROPOS - Serrurier Marseille Direct","robots":{"index":"index","follow":"follow","max-snippet":"max-snippet:-1","max-image-preview":"max-image-preview:large","max-video-preview":"max-video-preview:-1"},"canonical":"https:\/\/serruriermarseilledirect.fr\/?page_id=225","og_locale":"en_US","og_type":"article","og_title":"\u00c0 PROPOS - Serrurier Marseille Direct","og_description":"\u00c0 PROPOS Serrurier Marseille Direct est une entreprise sp\u00e9cialis\u00e9e dans le d\u00e9pannage d\u2019urgence, l\u2019ouverture de portes, le changement de serrures et la s\u00e9curisation des habitations. Nous intervenons rapidement, avec s\u00e9rieux, professionnalisme et une transparence totale. HISTOIRE DE L\u2019ENTREPRISE Serrurier Marseille Direct est n\u00e9 avec une mission simple : offrir un service de serrurerie honn\u00eate, rapide [&hellip;]","og_url":"https:\/\/serruriermarseilledirect.fr\/?page_id=225","og_site_name":"Serrurier Marseille Direct","article_modified_time":"2025-11-26T17:44:29+00:00","og_image":[{"width":400,"height":380,"url":"http:\/\/serruriermarseilledirect.fr\/wp-content\/uploads\/2025\/11\/About-400_380.jpg","type":"image\/jpeg"}],"twitter_card":"summary_large_image","twitter_misc":{"Est. reading time":"2 minutes"},"schema":{"@context":"https:\/\/schema.org","@graph":[{"@type":"WebPage","@id":"https:\/\/serruriermarseilledirect.fr\/?page_id=225","url":"https:\/\/serruriermarseilledirect.fr\/?page_id=225","name":"\u00c0 PROPOS - Serrurier Marseille Direct","isPartOf":{"@id":"https:\/\/serruriermarseilledirect.fr\/#website"},"primaryImageOfPage":{"@id":"https:\/\/serruriermarseilledirect.fr\/?page_id=225#primaryimage"},"image":{"@id":"https:\/\/serruriermarseilledirect.fr\/?page_id=225#primaryimage"},"thumbnailUrl":"https:\/\/serruriermarseilledirect.fr\/wp-content\/uploads\/2025\/11\/About-400_380.jpg","datePublished":"2025-11-25T15:11:55+00:00","dateModified":"2025-11-26T17:44:29+00:00","breadcrumb":{"@id":"https:\/\/serruriermarseilledirect.fr\/?page_id=225#breadcrumb"},"inLanguage":"en-US","potentialAction":[{"@type":"ReadAction","target":["https:\/\/serruriermarseilledirect.fr\/?page_id=225"]}]},{"@type":"ImageObject","inLanguage":"en-US","@id":"https:\/\/serruriermarseilledirect.fr\/?page_id=225#primaryimage","url":"https:\/\/serruriermarseilledirect.fr\/wp-content\/uploads\/2025\/11\/About-400_380.jpg","contentUrl":"https:\/\/serruriermarseilledirect.fr\/wp-content\/uploads\/2025\/11\/About-400_380.jpg","width":400,"height":380},{"@type":"BreadcrumbList","@id":"https:\/\/serruriermarseilledirect.fr\/?page_id=225#breadcrumb","itemListElement":[{"@type":"ListItem","position":1,"name":"Home","item":"https:\/\/serruriermarseilledirect.fr\/"},{"@type":"ListItem","position":2,"name":"\u00c0 PROPOS"}]},{"@type":"WebSite","@id":"https:\/\/serruriermarseilledirect.fr\/#website","url":"https:\/\/serruriermarseilledirect.fr\/","name":"Serrurier Marseille Direct","description":"","publisher":{"@id":"https:\/\/serruriermarseilledirect.fr\/#organization"},"potentialAction":[{"@type":"SearchAction","target":{"@type":"EntryPoint","urlTemplate":"https:\/\/serruriermarseilledirect.fr\/?s={search_term_string}"},"query-input":{"@type":"PropertyValueSpecification","valueRequired":true,"valueName":"search_term_string"}}],"inLanguage":"en-US"},{"@type":"Organization","@id":"https:\/\/serruriermarseilledirect.fr\/#organization","name":"Serrurier Marseille Direct","url":"https:\/\/serruriermarseilledirect.fr\/","logo":{"@type":"ImageObject","inLanguage":"en-US","@id":"https:\/\/serruriermarseilledirect.fr\/#\/schema\/logo\/image\/","url":"https:\/\/serruriermarseilledirect.fr\/wp-content\/uploads\/2025\/11\/cropped-Icon-SMD-01.jpg","contentUrl":"https:\/\/serruriermarseilledirect.fr\/wp-content\/uploads\/2025\/11\/cropped-Icon-SMD-01.jpg","width":674,"height":600,"caption":"Serrurier Marseille Direct"},"image":{"@id":"https:\/\/serruriermarseilledirect.fr\/#\/schema\/logo\/image\/"}}]}},"uagb_featured_image_src":{"full":["https:\/\/serruriermarseilledirect.fr\/wp-content\/uploads\/2025\/11\/About-400_380.jpg",400,380,false],"thumbnail":["https:\/\/serruriermarseilledirect.fr\/wp-content\/uploads\/2025\/11\/About-400_380-150x150.jpg",150,150,true],"medium":["https:\/\/serruriermarseilledirect.fr\/wp-content\/uploads\/2025\/11\/About-400_380-300x285.jpg",300,285,true],"medium_large":["https:\/\/serruriermarseilledirect.fr\/wp-content\/uploads\/2025\/11\/About-400_380.jpg",400,380,false],"large":["https:\/\/serruriermarseilledirect.fr\/wp-content\/uploads\/2025\/11\/About-400_380.jpg",400,380,false],"1536x1536":["https:\/\/serruriermarseilledirect.fr\/wp-content\/uploads\/2025\/11\/About-400_380.jpg",400,380,false],"2048x2048":["https:\/\/serruriermarseilledirect.fr\/wp-content\/uploads\/2025\/11\/About-400_380.jpg",400,380,false]},"uagb_author_info":{"display_name":"admin5816","author_link":"https:\/\/serruriermarseilledirect.fr\/?author=1"},"uagb_comment_info":0,"uagb_excerpt":"\u00c0 PROPOS Serrurier Marseille Direct est une entreprise sp\u00e9cialis\u00e9e dans le d\u00e9pannage d\u2019urgence, l\u2019ouverture de portes, le changement de serrures et la s\u00e9curisation des habitations. Nous intervenons rapidement, avec s\u00e9rieux, professionnalisme et une transparence totale. HISTOIRE DE L\u2019ENTREPRISE Serrurier Marseille Direct est n\u00e9 avec une mission simple : offrir un service de serrurerie honn\u00eate, rapide&hellip;","_links":{"self":[{"href":"https:\/\/serruriermarseilledirect.fr\/index.php?rest_route=\/wp\/v2\/pages\/225","targetHints":{"allow":["GET"]}}],"collection":[{"href":"https:\/\/serruriermarseilledirect.fr\/index.php?rest_route=\/wp\/v2\/pages"}],"about":[{"href":"https:\/\/serruriermarseilledirect.fr\/index.php?rest_route=\/wp\/v2\/types\/page"}],"author":[{"embeddable":true,"href":"https:\/\/serruriermarseilledirect.fr\/index.php?rest_route=\/wp\/v2\/users\/1"}],"replies":[{"embeddable":true,"href":"https:\/\/serruriermarseilledirect.fr\/index.php?rest_route=%2Fwp%2Fv2%2Fcomments&post=225"}],"version-history":[{"count":14,"href":"https:\/\/serruriermarseilledirect.fr\/index.php?rest_route=\/wp\/v2\/pages\/225\/revisions"}],"predecessor-version":[{"id":382,"href":"https:\/\/serruriermarseilledirect.fr\/index.php?rest_route=\/wp\/v2\/pages\/225\/revisions\/382"}],"wp:featuredmedia":[{"embeddable":true,"href":"https:\/\/serruriermarseilledirect.fr\/index.php?rest_route=\/wp\/v2\/media\/229"}],"wp:attachment":[{"href":"https:\/\/serruriermarseilledirect.fr\/index.php?rest_route=%2Fwp%2Fv2%2Fmedia&parent=225"}],"curies":[{"name":"wp","href":"https:\/\/api.w.org\/{rel}","templated":true}]}}